{"id":51,"date":"2018-04-21T17:33:04","date_gmt":"2018-04-21T15:33:04","guid":{"rendered":"https:\/\/florian-mennigen.de\/?page_id=51"},"modified":"2019-05-02T13:47:30","modified_gmt":"2019-05-02T11:47:30","slug":"corporatehealth","status":"publish","type":"page","link":"https:\/\/florian-mennigen.de\/en\/corporatehealth\/","title":{"rendered":"Corporate Health"},"content":{"rendered":"<blockquote><p>Corporate health and corporate health management is currently one of the biggest change topics in order to be prepared for the future in times of rapid digitalization and work compression. For companies, Corporate Health Management offers the opportunity to take care of their employees and to differentiate themselves from other companies in the competition for new employees.<\/p><\/blockquote>\n<p><strong><span style=\"font-weight: 400;\">With a network of psychologists and consultants, we support your HR department in developing a quick-witted crew that works together successfully in all weather conditions. Our particular focus is on promoting psychological well-being, resilience and the prevention of overload reactions, such as burn-out, even in troubled times.<\/span><\/strong><\/p>\n<p><strong>Come on in my boat. Talk to me.<\/strong><\/p>\n<p><span><div class=\"wpforms-container wpforms-container-full\" id=\"wpforms-370\"><form id=\"wpforms-form-370\" class=\"wpforms-validate wpforms-form\" data-formid=\"370\" method=\"post\" enctype=\"multipart\/form-data\" action=\"\/en\/wp-json\/wp\/v2\/pages\/51\" data-token=\"aeadc48d768e87642fb7898f3c22e7a1\" data-token-time=\"1776861199\" data-trp-original-action=\"\/en\/wp-json\/wp\/v2\/pages\/51\"><noscript class=\"wpforms-error-noscript\">Please enable JavaScript in your browser to complete this form.<\/noscript><div class=\"wpforms-field-container\"><div id=\"wpforms-370-field_1-container\" class=\"wpforms-field wpforms-field-name\" data-field-id=\"1\"><label class=\"wpforms-field-label\" for=\"wpforms-370-field_1\">Name <span class=\"wpforms-required-label\">*<\/span><\/label><input type=\"text\" id=\"wpforms-370-field_1\" class=\"wpforms-field-medium wpforms-field-required\" name=\"wpforms[fields][1]\" required><\/div><div id=\"wpforms-370-field_2-container\" class=\"wpforms-field wpforms-field-email\" data-field-id=\"2\"><label class=\"wpforms-field-label\" for=\"wpforms-370-field_2\">E-mail address <span class=\"wpforms-required-label\">*<\/span><\/label><input type=\"email\" id=\"wpforms-370-field_2\" class=\"wpforms-field-medium wpforms-field-required\" name=\"wpforms[fields][2]\" spellcheck=\"false\" required><\/div><div id=\"wpforms-370-field_3-container\" class=\"wpforms-field wpforms-field-text\" data-field-id=\"3\"><label class=\"wpforms-field-label\" for=\"wpforms-370-field_3\">Subject <span class=\"wpforms-required-label\">*<\/span><\/label><input type=\"text\" id=\"wpforms-370-field_3\" class=\"wpforms-field-medium wpforms-field-required\" name=\"wpforms[fields][3]\" required><\/div><div id=\"wpforms-370-field_4-container\" class=\"wpforms-field wpforms-field-textarea\" data-field-id=\"4\"><label class=\"wpforms-field-label\" for=\"wpforms-370-field_4\">Your message <span class=\"wpforms-required-label\">*<\/span><\/label><textarea id=\"wpforms-370-field_4\" class=\"wpforms-field-medium wpforms-field-required\" name=\"wpforms[fields][4]\" required><\/textarea><\/div><\/div><!-- .wpforms-field-container --><div class=\"wpforms-submit-container\" ><input type=\"hidden\" name=\"wpforms[id]\" value=\"370\"><input type=\"hidden\" name=\"page_title\" value=\"\"><input type=\"hidden\" name=\"page_url\" value=\"https:\/\/florian-mennigen.de\/en\/wp-json\/wp\/v2\/pages\/51\"><button type=\"submit\" name=\"wpforms[submit]\" id=\"wpforms-submit-370\" class=\"wpforms-submit\" data-alt-text=\"Senden\" data-submit-text=\"Senden\" aria-live=\"assertive\" value=\"wpforms-submit\">Send<\/button><\/div><input type=\"hidden\" name=\"trp-form-language\" value=\"en\"\/><\/form><\/div>  <!-- .wpforms-container --><\/span><\/p>","protected":false},"excerpt":{"rendered":"<p>Corporate Health und betriebliches Gesundheitsmanagement ist aktuell eines der gr\u00f6\u00dften Change-Themen, um in Zeiten rasanter Digitalisierung und Arbeitsverdichtung f\u00fcr die Zukunft gewappnet zu sein. F\u00fcr Unternehmen bietet Corporate Health Management die M\u00f6glichkeit f\u00fcr seine Mitarbeiter zu sorgen und sich im Wettbewerb um neue Mitarbeiter von anderen Unternehmen abzuheben. Mit einem [&hellip;]<\/p>","protected":false},"author":1,"featured_media":197,"parent":0,"menu_order":0,"comment_status":"closed","ping_status":"closed","template":"","meta":{"footnotes":""},"yoast_head":"<!-- This site is optimized with the Yoast SEO plugin v21.5 - https:\/\/yoast.com\/wordpress\/plugins\/seo\/ -->\n<title>Corporate Health | Florian Mennigen<\/title>\n<meta name=\"description\" content=\"Mit einem Netzwerk aus Psychologen und Beratern unterst\u00fctzen wir Ihre Personalabteilung bei der Entwicklung einer schlagfertigen Crew, die in allen Wettern erfolgreich zusammenarbeitet und das Corporate Health in ihrem Unternehmen ganz nach vorne bringt.\" \/>\n<meta name=\"robots\" content=\"index, follow, max-snippet:-1, max-image-preview:large, max-video-preview:-1\" \/>\n<link rel=\"canonical\" href=\"https:\/\/florian-mennigen.de\/en\/corporatehealth\/\" \/>\n<meta property=\"og:locale\" content=\"en_US\" \/>\n<meta property=\"og:type\" content=\"article\" \/>\n<meta property=\"og:title\" content=\"Corporate Health | Florian Mennigen\" \/>\n<meta property=\"og:description\" content=\"Mit einem Netzwerk aus Psychologen und Beratern unterst\u00fctzen wir Ihre Personalabteilung bei der Entwicklung einer schlagfertigen Crew, die in allen Wettern erfolgreich zusammenarbeitet und das Corporate Health in ihrem Unternehmen ganz nach vorne bringt.\" \/>\n<meta property=\"og:url\" content=\"https:\/\/florian-mennigen.de\/en\/corporatehealth\/\" \/>\n<meta property=\"og:site_name\" content=\"Florian Mennigen\" \/>\n<meta property=\"article:modified_time\" content=\"2019-05-02T11:47:30+00:00\" \/>\n<meta property=\"og:image\" content=\"https:\/\/florian-mennigen.de\/wp-content\/uploads\/2018\/05\/gesundes_fuehren_black.jpg\" \/>\n\t<meta property=\"og:image:width\" content=\"3543\" \/>\n\t<meta property=\"og:image:height\" content=\"1644\" \/>\n\t<meta property=\"og:image:type\" content=\"image\/jpeg\" \/>\n<meta name=\"twitter:card\" content=\"summary_large_image\" \/>\n<meta name=\"twitter:label1\" content=\"Est. reading time\" \/>\n\t<meta name=\"twitter:data1\" content=\"1 minute\" \/>\n<script type=\"application\/ld+json\" class=\"yoast-schema-graph\">{\"@context\":\"https:\/\/schema.org\",\"@graph\":[{\"@type\":\"WebPage\",\"@id\":\"https:\/\/florian-mennigen.de\/corporatehealth\/\",\"url\":\"https:\/\/florian-mennigen.de\/corporatehealth\/\",\"name\":\"Corporate Health | Florian Mennigen\",\"isPartOf\":{\"@id\":\"https:\/\/florian-mennigen.de\/#website\"},\"datePublished\":\"2018-04-21T15:33:04+00:00\",\"dateModified\":\"2019-05-02T11:47:30+00:00\",\"description\":\"Mit einem Netzwerk aus Psychologen und Beratern unterst\u00fctzen wir Ihre Personalabteilung bei der Entwicklung einer schlagfertigen Crew, die in allen Wettern erfolgreich zusammenarbeitet und das Corporate Health in ihrem Unternehmen ganz nach vorne bringt.\",\"breadcrumb\":{\"@id\":\"https:\/\/florian-mennigen.de\/corporatehealth\/#breadcrumb\"},\"inLanguage\":\"en-US\",\"potentialAction\":[{\"@type\":\"ReadAction\",\"target\":[\"https:\/\/florian-mennigen.de\/corporatehealth\/\"]}]},{\"@type\":\"BreadcrumbList\",\"@id\":\"https:\/\/florian-mennigen.de\/corporatehealth\/#breadcrumb\",\"itemListElement\":[{\"@type\":\"ListItem\",\"position\":1,\"name\":\"Startseite\",\"item\":\"https:\/\/florian-mennigen.de\/\"},{\"@type\":\"ListItem\",\"position\":2,\"name\":\"Corporate Health\"}]},{\"@type\":\"WebSite\",\"@id\":\"https:\/\/florian-mennigen.de\/#website\",\"url\":\"https:\/\/florian-mennigen.de\/\",\"name\":\"Florian Mennigen\",\"description\":\"Olympiasieger, Psychologe, Corporate Health Botschafter\",\"publisher\":{\"@id\":\"https:\/\/florian-mennigen.de\/#\/schema\/person\/3f9fd3ed9923bfb2824a4fb13fed531d\"},\"potentialAction\":[{\"@type\":\"SearchAction\",\"target\":{\"@type\":\"EntryPoint\",\"urlTemplate\":\"https:\/\/florian-mennigen.de\/?s={search_term_string}\"},\"query-input\":\"required name=search_term_string\"}],\"inLanguage\":\"en-US\"},{\"@type\":[\"Person\",\"Organization\"],\"@id\":\"https:\/\/florian-mennigen.de\/#\/schema\/person\/3f9fd3ed9923bfb2824a4fb13fed531d\",\"name\":\"Florian Mennigen\",\"image\":{\"@type\":\"ImageObject\",\"inLanguage\":\"en-US\",\"@id\":\"https:\/\/florian-mennigen.de\/#\/schema\/person\/image\/\",\"url\":\"https:\/\/florian-mennigen.de\/wp-content\/uploads\/2023\/10\/cropped-Florian-Mennigen.png\",\"contentUrl\":\"https:\/\/florian-mennigen.de\/wp-content\/uploads\/2023\/10\/cropped-Florian-Mennigen.png\",\"width\":1776,\"height\":504,\"caption\":\"Florian Mennigen\"},\"logo\":{\"@id\":\"https:\/\/florian-mennigen.de\/#\/schema\/person\/image\/\"},\"sameAs\":[\"https:\/\/www.linkedin.com\/in\/florian-mennigen-551b9b11\/\"]}]}<\/script>\n<!-- \/ Yoast SEO plugin. -->","yoast_head_json":{"title":"Corporate Health | Florian Mennigen","description":"Mit einem Netzwerk aus Psychologen und Beratern unterst\u00fctzen wir Ihre Personalabteilung bei der Entwicklung einer schlagfertigen Crew, die in allen Wettern erfolgreich zusammenarbeitet und das Corporate Health in ihrem Unternehmen ganz nach vorne bringt.","robots":{"index":"index","follow":"follow","max-snippet":"max-snippet:-1","max-image-preview":"max-image-preview:large","max-video-preview":"max-video-preview:-1"},"canonical":"https:\/\/florian-mennigen.de\/en\/corporatehealth\/","og_locale":"en_US","og_type":"article","og_title":"Corporate Health | Florian Mennigen","og_description":"Mit einem Netzwerk aus Psychologen und Beratern unterst\u00fctzen wir Ihre Personalabteilung bei der Entwicklung einer schlagfertigen Crew, die in allen Wettern erfolgreich zusammenarbeitet und das Corporate Health in ihrem Unternehmen ganz nach vorne bringt.","og_url":"https:\/\/florian-mennigen.de\/en\/corporatehealth\/","og_site_name":"Florian Mennigen","article_modified_time":"2019-05-02T11:47:30+00:00","og_image":[{"width":3543,"height":1644,"url":"https:\/\/florian-mennigen.de\/wp-content\/uploads\/2018\/05\/gesundes_fuehren_black.jpg","type":"image\/jpeg"}],"twitter_card":"summary_large_image","twitter_misc":{"Est. reading time":"1 minute"},"schema":{"@context":"https:\/\/schema.org","@graph":[{"@type":"WebPage","@id":"https:\/\/florian-mennigen.de\/corporatehealth\/","url":"https:\/\/florian-mennigen.de\/corporatehealth\/","name":"Corporate Health | Florian Mennigen","isPartOf":{"@id":"https:\/\/florian-mennigen.de\/#website"},"datePublished":"2018-04-21T15:33:04+00:00","dateModified":"2019-05-02T11:47:30+00:00","description":"Mit einem Netzwerk aus Psychologen und Beratern unterst\u00fctzen wir Ihre Personalabteilung bei der Entwicklung einer schlagfertigen Crew, die in allen Wettern erfolgreich zusammenarbeitet und das Corporate Health in ihrem Unternehmen ganz nach vorne bringt.","breadcrumb":{"@id":"https:\/\/florian-mennigen.de\/corporatehealth\/#breadcrumb"},"inLanguage":"en-US","potentialAction":[{"@type":"ReadAction","target":["https:\/\/florian-mennigen.de\/corporatehealth\/"]}]},{"@type":"BreadcrumbList","@id":"https:\/\/florian-mennigen.de\/corporatehealth\/#breadcrumb","itemListElement":[{"@type":"ListItem","position":1,"name":"Startseite","item":"https:\/\/florian-mennigen.de\/"},{"@type":"ListItem","position":2,"name":"Corporate Health"}]},{"@type":"WebSite","@id":"https:\/\/florian-mennigen.de\/#website","url":"https:\/\/florian-mennigen.de\/","name":"Florian Mennigen","description":"Olympiasieger, Psychologe, Corporate Health Botschafter","publisher":{"@id":"https:\/\/florian-mennigen.de\/#\/schema\/person\/3f9fd3ed9923bfb2824a4fb13fed531d"},"potentialAction":[{"@type":"SearchAction","target":{"@type":"EntryPoint","urlTemplate":"https:\/\/florian-mennigen.de\/?s={search_term_string}"},"query-input":"required name=search_term_string"}],"inLanguage":"en-US"},{"@type":["Person","Organization"],"@id":"https:\/\/florian-mennigen.de\/#\/schema\/person\/3f9fd3ed9923bfb2824a4fb13fed531d","name":"Florian Mennigen","image":{"@type":"ImageObject","inLanguage":"en-US","@id":"https:\/\/florian-mennigen.de\/#\/schema\/person\/image\/","url":"https:\/\/florian-mennigen.de\/wp-content\/uploads\/2023\/10\/cropped-Florian-Mennigen.png","contentUrl":"https:\/\/florian-mennigen.de\/wp-content\/uploads\/2023\/10\/cropped-Florian-Mennigen.png","width":1776,"height":504,"caption":"Florian Mennigen"},"logo":{"@id":"https:\/\/florian-mennigen.de\/#\/schema\/person\/image\/"},"sameAs":["https:\/\/www.linkedin.com\/in\/florian-mennigen-551b9b11\/"]}]}},"_links":{"self":[{"href":"https:\/\/florian-mennigen.de\/en\/wp-json\/wp\/v2\/pages\/51"}],"collection":[{"href":"https:\/\/florian-mennigen.de\/en\/wp-json\/wp\/v2\/pages"}],"about":[{"href":"https:\/\/florian-mennigen.de\/en\/wp-json\/wp\/v2\/types\/page"}],"author":[{"embeddable":true,"href":"https:\/\/florian-mennigen.de\/en\/wp-json\/wp\/v2\/users\/1"}],"replies":[{"embeddable":true,"href":"https:\/\/florian-mennigen.de\/en\/wp-json\/wp\/v2\/comments?post=51"}],"version-history":[{"count":15,"href":"https:\/\/florian-mennigen.de\/en\/wp-json\/wp\/v2\/pages\/51\/revisions"}],"predecessor-version":[{"id":385,"href":"https:\/\/florian-mennigen.de\/en\/wp-json\/wp\/v2\/pages\/51\/revisions\/385"}],"wp:featuredmedia":[{"embeddable":true,"href":"https:\/\/florian-mennigen.de\/en\/wp-json\/wp\/v2\/media\/197"}],"wp:attachment":[{"href":"https:\/\/florian-mennigen.de\/en\/wp-json\/wp\/v2\/media?parent=51"}],"curies":[{"name":"wp","href":"https:\/\/api.w.org\/{rel}","templated":true}]}}