{"id":584,"date":"2019-11-21T22:26:51","date_gmt":"2019-11-21T21:26:51","guid":{"rendered":"https:\/\/florian-mennigen.de\/?page_id=584"},"modified":"2019-11-24T20:06:12","modified_gmt":"2019-11-24T19:06:12","slug":"einfachsimpel","status":"publish","type":"page","link":"https:\/\/florian-mennigen.de\/en\/einfachsimpel\/","title":{"rendered":"einfachsimpel"},"content":{"rendered":"<div data-elementor-type=\"wp-page\" data-elementor-id=\"584\" class=\"elementor elementor-584\" data-elementor-post-type=\"page\">\n\t\t\t\t\t\t<section class=\"elementor-section elementor-top-section elementor-element elementor-element-304671d elementor-section-stretched elementor-section-full_width elementor-section-height-default elementor-section-height-default\" data-id=\"304671d\" data-element_type=\"section\" data-settings=\"{&quot;stretch_section&quot;:&quot;section-stretched&quot;,&quot;background_background&quot;:&quot;classic&quot;}\">\n\t\t\t\t\t\t<div class=\"elementor-container elementor-column-gap-default\">\n\t\t\t\t\t<div class=\"elementor-column elementor-col-50 elementor-top-column elementor-element elementor-element-66b21f3\" data-id=\"66b21f3\" data-element_type=\"column\">\n\t\t\t<div class=\"elementor-widget-wrap elementor-element-populated\">\n\t\t\t\t\t\t<div class=\"elementor-element elementor-element-fa2d0f9 elementor-headline--style-rotate elementor-widget elementor-widget-animated-headline\" data-id=\"fa2d0f9\" data-element_type=\"widget\" data-settings=\"{&quot;headline_style&quot;:&quot;rotate&quot;,&quot;animation_type&quot;:&quot;slide-down&quot;,&quot;rotating_text&quot;:&quot;ohne Hokus Pokus\\nohne Geheimnisse\\nnix fancy&quot;,&quot;loop&quot;:&quot;yes&quot;,&quot;rotate_iteration_delay&quot;:2500}\" data-widget_type=\"animated-headline.default\">\n\t\t\t\t<div class=\"elementor-widget-container\">\n\t\t\t\t\t\t\t<h3 class=\"elementor-headline elementor-headline-animation-type-slide-down\">\n\t\t\t\t\t<span class=\"elementor-headline-plain-text elementor-headline-text-wrapper\">Coaching<\/span>\n\t\t\t\t<span class=\"elementor-headline-dynamic-wrapper elementor-headline-text-wrapper\">\n\t\t\t\t\t<span class=\"elementor-headline-dynamic-text elementor-headline-text-active\">\n\t\t\t\tohne&nbsp;Hokus&nbsp;Pokus\t\t\t<\/span>\n\t\t\t\t\t<span class=\"elementor-headline-dynamic-text\">\n\t\t\t\tohne&nbsp;Geheimnisse\t\t\t<\/span>\n\t\t\t\t\t<span class=\"elementor-headline-dynamic-text\">\n\t\t\t\tnix&nbsp;fancy\t\t\t<\/span>\n\t\t\t\t\t\t<\/span>\n\t\t\t\t<\/h3>\n\t\t\t\t\t\t<\/div>\n\t\t\t\t<\/div>\n\t\t\t\t<div class=\"elementor-element elementor-element-1aa7212 elementor-widget elementor-widget-heading\" data-id=\"1aa7212\" data-element_type=\"widget\" data-widget_type=\"heading.default\">\n\t\t\t\t<div class=\"elementor-widget-container\">\n\t\t\t\t\t<h2 class=\"elementor-heading-title elementor-size-default\">Florian Mennigen<\/h2>\t\t\t\t<\/div>\n\t\t\t\t<\/div>\n\t\t\t\t<div class=\"elementor-element elementor-element-8d2ab98 elementor-widget elementor-widget-heading\" data-id=\"8d2ab98\" data-element_type=\"widget\" data-widget_type=\"heading.default\">\n\t\t\t\t<div class=\"elementor-widget-container\">\n\t\t\t\t\t<h2 class=\"elementor-heading-title elementor-size-default\">Einfach nur simpel.<\/h2>\t\t\t\t<\/div>\n\t\t\t\t<\/div>\n\t\t\t\t<div class=\"elementor-element elementor-element-f99b32f elementor-icon-list--layout-inline elementor-align-left elementor-list-item-link-full_width elementor-widget elementor-widget-icon-list\" data-id=\"f99b32f\" data-element_type=\"widget\" data-widget_type=\"icon-list.default\">\n\t\t\t\t<div class=\"elementor-widget-container\">\n\t\t\t\t\t\t\t<ul class=\"elementor-icon-list-items elementor-inline-items\">\n\t\t\t\t\t\t\t<li class=\"elementor-icon-list-item elementor-inline-item\">\n\t\t\t\t\t\t\t\t\t\t\t<span class=\"elementor-icon-list-icon\">\n\t\t\t\t\t\t\t<i aria-hidden=\"true\" class=\"fab fa-linkedin-in\"><\/i>\t\t\t\t\t\t<\/span>\n\t\t\t\t\t\t\t\t\t\t<span class=\"elementor-icon-list-text\"><\/span>\n\t\t\t\t\t\t\t\t\t<\/li>\n\t\t\t\t\t\t\t\t<li class=\"elementor-icon-list-item elementor-inline-item\">\n\t\t\t\t\t\t\t\t\t\t\t<span class=\"elementor-icon-list-icon\">\n\t\t\t\t\t\t\t<i aria-hidden=\"true\" class=\"fab fa-twitter\"><\/i>\t\t\t\t\t\t<\/span>\n\t\t\t\t\t\t\t\t\t\t<span class=\"elementor-icon-list-text\"><\/span>\n\t\t\t\t\t\t\t\t\t<\/li>\n\t\t\t\t\t\t<\/ul>\n\t\t\t\t\t\t<\/div>\n\t\t\t\t<\/div>\n\t\t\t\t\t<\/div>\n\t\t<\/div>\n\t\t\t\t<div class=\"elementor-column elementor-col-50 elementor-top-column elementor-element elementor-element-bfcb1b0\" data-id=\"bfcb1b0\" data-element_type=\"column\" data-settings=\"{&quot;background_background&quot;:&quot;classic&quot;}\">\n\t\t\t<div class=\"elementor-widget-wrap elementor-element-populated\">\n\t\t\t\t\t<div class=\"elementor-background-overlay\"><\/div>\n\t\t\t\t\t\t<div class=\"elementor-element elementor-element-8497f39 elementor-view-default elementor-widget elementor-widget-icon\" data-id=\"8497f39\" data-element_type=\"widget\" data-widget_type=\"icon.default\">\n\t\t\t\t<div class=\"elementor-widget-container\">\n\t\t\t\t\t\t\t<div class=\"elementor-icon-wrapper\">\n\t\t\t<div class=\"elementor-icon\">\n\t\t\t<i aria-hidden=\"true\" class=\"fas fa-bullseye\"><\/i>\t\t\t<\/div>\n\t\t<\/div>\n\t\t\t\t\t\t<\/div>\n\t\t\t\t<\/div>\n\t\t\t\t\t<\/div>\n\t\t<\/div>\n\t\t\t\t\t<\/div>\n\t\t<\/section>\n\t\t\t\t<section class=\"elementor-section elementor-top-section elementor-element elementor-element-3d9db4f elementor-section-full_width elementor-section-height-default elementor-section-height-default\" data-id=\"3d9db4f\" data-element_type=\"section\" data-settings=\"{&quot;background_background&quot;:&quot;classic&quot;}\">\n\t\t\t\t\t\t<div class=\"elementor-container elementor-column-gap-default\">\n\t\t\t\t\t<div class=\"elementor-column elementor-col-100 elementor-top-column elementor-element elementor-element-1f254dd\" data-id=\"1f254dd\" data-element_type=\"column\" data-settings=\"{&quot;background_background&quot;:&quot;classic&quot;}\">\n\t\t\t<div class=\"elementor-widget-wrap elementor-element-populated\">\n\t\t\t\t\t<div class=\"elementor-background-overlay\"><\/div>\n\t\t\t\t\t\t<div class=\"elementor-element elementor-element-aa5af8d elementor-widget elementor-widget-text-editor\" data-id=\"aa5af8d\" data-element_type=\"widget\" data-widget_type=\"text-editor.default\">\n\t\t\t\t<div class=\"elementor-widget-container\">\n\t\t\t\t\t\t\t\t\t<p>Teamarbeit und pers\u00f6nliche Entwicklung ist eigentlich simpel: es gibt keine gro\u00dfen Geheimnisse. Nur halt schwer in der Umsetzung. Und da komme ich ins Spiel. <a href=\"#\">Mehr&#8230;<\/a><\/p>\t\t\t\t\t\t\t\t<\/div>\n\t\t\t\t<\/div>\n\t\t\t\t\t<\/div>\n\t\t<\/div>\n\t\t\t\t\t<\/div>\n\t\t<\/section>\n\t\t\t\t<section class=\"elementor-section elementor-top-section elementor-element elementor-element-04c1d93 elementor-section-stretched elementor-section-full_width elementor-section-height-default elementor-section-height-default\" data-id=\"04c1d93\" data-element_type=\"section\" data-settings=\"{&quot;stretch_section&quot;:&quot;section-stretched&quot;}\">\n\t\t\t\t\t\t<div class=\"elementor-container elementor-column-gap-default\">\n\t\t\t\t\t<div class=\"elementor-column elementor-col-50 elementor-top-column elementor-element elementor-element-c91d9db elementor-hidden-phone\" data-id=\"c91d9db\" data-element_type=\"column\">\n\t\t\t<div class=\"elementor-widget-wrap elementor-element-populated\">\n\t\t\t\t\t\t<div class=\"elementor-element elementor-element-fe84c0f elementor-widget elementor-widget-heading\" data-id=\"fe84c0f\" data-element_type=\"widget\" data-widget_type=\"heading.default\">\n\t\t\t\t<div class=\"elementor-widget-container\">\n\t\t\t\t\t<h2 class=\"elementor-heading-title elementor-size-default\">Welche<\/h2>\t\t\t\t<\/div>\n\t\t\t\t<\/div>\n\t\t\t\t<div class=\"elementor-element elementor-element-5c818bb elementor-widget elementor-widget-heading\" data-id=\"5c818bb\" data-element_type=\"widget\" data-widget_type=\"heading.default\">\n\t\t\t\t<div class=\"elementor-widget-container\">\n\t\t\t\t\t<h2 class=\"elementor-heading-title elementor-size-default\">Bed\u00fcrfnisse<\/h2>\t\t\t\t<\/div>\n\t\t\t\t<\/div>\n\t\t\t\t<div class=\"elementor-element elementor-element-6bf89ef elementor-widget elementor-widget-heading\" data-id=\"6bf89ef\" data-element_type=\"widget\" data-widget_type=\"heading.default\">\n\t\t\t\t<div class=\"elementor-widget-container\">\n\t\t\t\t\t<h2 class=\"elementor-heading-title elementor-size-default\">haben Mitarbeiter?<\/h2>\t\t\t\t<\/div>\n\t\t\t\t<\/div>\n\t\t\t\t\t<\/div>\n\t\t<\/div>\n\t\t\t\t<div class=\"elementor-column elementor-col-50 elementor-top-column elementor-element elementor-element-19346c5\" data-id=\"19346c5\" data-element_type=\"column\" data-settings=\"{&quot;background_background&quot;:&quot;classic&quot;}\">\n\t\t\t<div class=\"elementor-widget-wrap elementor-element-populated\">\n\t\t\t\t\t<div class=\"elementor-background-overlay\"><\/div>\n\t\t\t\t\t\t<div class=\"elementor-element elementor-element-4d78847 elementor-view-default elementor-widget elementor-widget-icon\" data-id=\"4d78847\" data-element_type=\"widget\" data-widget_type=\"icon.default\">\n\t\t\t\t<div class=\"elementor-widget-container\">\n\t\t\t\t\t\t\t<div class=\"elementor-icon-wrapper\">\n\t\t\t<div class=\"elementor-icon\">\n\t\t\t<i aria-hidden=\"true\" class=\"fas fa-hand-holding-heart\"><\/i>\t\t\t<\/div>\n\t\t<\/div>\n\t\t\t\t\t\t<\/div>\n\t\t\t\t<\/div>\n\t\t\t\t\t<\/div>\n\t\t<\/div>\n\t\t\t\t\t<\/div>\n\t\t<\/section>\n\t\t\t\t<section class=\"elementor-section elementor-top-section elementor-element elementor-element-aaa88d3 elementor-section-stretched elementor-section-full_width elementor-section-height-default elementor-section-height-default\" data-id=\"aaa88d3\" data-element_type=\"section\" data-settings=\"{&quot;stretch_section&quot;:&quot;section-stretched&quot;}\">\n\t\t\t\t\t\t<div class=\"elementor-container elementor-column-gap-default\">\n\t\t\t\t\t<div class=\"elementor-column elementor-col-50 elementor-top-column elementor-element elementor-element-1769948\" data-id=\"1769948\" data-element_type=\"column\" data-settings=\"{&quot;background_background&quot;:&quot;classic&quot;}\">\n\t\t\t<div class=\"elementor-widget-wrap elementor-element-populated\">\n\t\t\t\t\t<div class=\"elementor-background-overlay\"><\/div>\n\t\t\t\t\t\t<div class=\"elementor-element elementor-element-85cadeb elementor-view-default elementor-widget elementor-widget-icon\" data-id=\"85cadeb\" data-element_type=\"widget\" data-widget_type=\"icon.default\">\n\t\t\t\t<div class=\"elementor-widget-container\">\n\t\t\t\t\t\t\t<div class=\"elementor-icon-wrapper\">\n\t\t\t<div class=\"elementor-icon\">\n\t\t\t<i aria-hidden=\"true\" class=\"fas fa-fist-raised\"><\/i>\t\t\t<\/div>\n\t\t<\/div>\n\t\t\t\t\t\t<\/div>\n\t\t\t\t<\/div>\n\t\t\t\t\t<\/div>\n\t\t<\/div>\n\t\t\t\t<div class=\"elementor-column elementor-col-50 elementor-top-column elementor-element elementor-element-d64551a elementor-hidden-phone\" data-id=\"d64551a\" data-element_type=\"column\">\n\t\t\t<div class=\"elementor-widget-wrap elementor-element-populated\">\n\t\t\t\t\t\t<div class=\"elementor-element elementor-element-b53ef59 elementor-widget elementor-widget-heading\" data-id=\"b53ef59\" data-element_type=\"widget\" data-widget_type=\"heading.default\">\n\t\t\t\t<div class=\"elementor-widget-container\">\n\t\t\t\t\t<h2 class=\"elementor-heading-title elementor-size-default\">Welche<\/h2>\t\t\t\t<\/div>\n\t\t\t\t<\/div>\n\t\t\t\t<div class=\"elementor-element elementor-element-0d4dc6d elementor-widget elementor-widget-heading\" data-id=\"0d4dc6d\" data-element_type=\"widget\" data-widget_type=\"heading.default\">\n\t\t\t\t<div class=\"elementor-widget-container\">\n\t\t\t\t\t<h2 class=\"elementor-heading-title elementor-size-default\">\u00dcberzeugungen<\/h2>\t\t\t\t<\/div>\n\t\t\t\t<\/div>\n\t\t\t\t<div class=\"elementor-element elementor-element-d43cced elementor-widget elementor-widget-heading\" data-id=\"d43cced\" data-element_type=\"widget\" data-widget_type=\"heading.default\">\n\t\t\t\t<div class=\"elementor-widget-container\">\n\t\t\t\t\t<h2 class=\"elementor-heading-title elementor-size-default\">haben Mitarbeiter?<\/h2>\t\t\t\t<\/div>\n\t\t\t\t<\/div>\n\t\t\t\t\t<\/div>\n\t\t<\/div>\n\t\t\t\t\t<\/div>\n\t\t<\/section>\n\t\t\t\t<section class=\"elementor-section elementor-top-section elementor-element elementor-element-fd0d24f elementor-section-stretched elementor-section-full_width elementor-section-height-default elementor-section-height-default\" data-id=\"fd0d24f\" data-element_type=\"section\" data-settings=\"{&quot;stretch_section&quot;:&quot;section-stretched&quot;}\">\n\t\t\t\t\t\t<div class=\"elementor-container elementor-column-gap-default\">\n\t\t\t\t\t<div class=\"elementor-column elementor-col-50 elementor-top-column elementor-element elementor-element-285b905 elementor-hidden-phone\" data-id=\"285b905\" data-element_type=\"column\">\n\t\t\t<div class=\"elementor-widget-wrap elementor-element-populated\">\n\t\t\t\t\t\t<div class=\"elementor-element elementor-element-833fb2a elementor-widget elementor-widget-heading\" data-id=\"833fb2a\" data-element_type=\"widget\" data-widget_type=\"heading.default\">\n\t\t\t\t<div class=\"elementor-widget-container\">\n\t\t\t\t\t<h2 class=\"elementor-heading-title elementor-size-default\">Welche<\/h2>\t\t\t\t<\/div>\n\t\t\t\t<\/div>\n\t\t\t\t<div class=\"elementor-element elementor-element-e935aa8 elementor-widget elementor-widget-heading\" data-id=\"e935aa8\" data-element_type=\"widget\" data-widget_type=\"heading.default\">\n\t\t\t\t<div class=\"elementor-widget-container\">\n\t\t\t\t\t<h2 class=\"elementor-heading-title elementor-size-default\">Verhalten<\/h2>\t\t\t\t<\/div>\n\t\t\t\t<\/div>\n\t\t\t\t<div class=\"elementor-element elementor-element-0e7aecc elementor-widget elementor-widget-heading\" data-id=\"0e7aecc\" data-element_type=\"widget\" data-widget_type=\"heading.default\">\n\t\t\t\t<div class=\"elementor-widget-container\">\n\t\t\t\t\t<h2 class=\"elementor-heading-title elementor-size-default\">haben Mitarbeiter?<\/h2>\t\t\t\t<\/div>\n\t\t\t\t<\/div>\n\t\t\t\t\t<\/div>\n\t\t<\/div>\n\t\t\t\t<div class=\"elementor-column elementor-col-50 elementor-top-column elementor-element elementor-element-c8234e5\" data-id=\"c8234e5\" data-element_type=\"column\" data-settings=\"{&quot;background_background&quot;:&quot;classic&quot;}\">\n\t\t\t<div class=\"elementor-widget-wrap elementor-element-populated\">\n\t\t\t\t\t<div class=\"elementor-background-overlay\"><\/div>\n\t\t\t\t\t\t<div class=\"elementor-element elementor-element-c95a701 elementor-view-default elementor-widget elementor-widget-icon\" data-id=\"c95a701\" data-element_type=\"widget\" data-widget_type=\"icon.default\">\n\t\t\t\t<div class=\"elementor-widget-container\">\n\t\t\t\t\t\t\t<div class=\"elementor-icon-wrapper\">\n\t\t\t<div class=\"elementor-icon\">\n\t\t\t<i aria-hidden=\"true\" class=\"fas fa-hand-peace\"><\/i>\t\t\t<\/div>\n\t\t<\/div>\n\t\t\t\t\t\t<\/div>\n\t\t\t\t<\/div>\n\t\t\t\t\t<\/div>\n\t\t<\/div>\n\t\t\t\t\t<\/div>\n\t\t<\/section>\n\t\t\t\t<section class=\"elementor-section elementor-top-section elementor-element elementor-element-6091a1a elementor-section-boxed elementor-section-height-default elementor-section-height-default\" data-id=\"6091a1a\" data-element_type=\"section\" data-settings=\"{&quot;background_background&quot;:&quot;classic&quot;}\">\n\t\t\t\t\t\t<div class=\"elementor-container elementor-column-gap-default\">\n\t\t\t\t\t<div class=\"elementor-column elementor-col-100 elementor-top-column elementor-element elementor-element-a803a9c\" data-id=\"a803a9c\" data-element_type=\"column\">\n\t\t\t<div class=\"elementor-widget-wrap elementor-element-populated\">\n\t\t\t\t\t\t<div class=\"elementor-element elementor-element-93150ed elementor-widget elementor-widget-heading\" data-id=\"93150ed\" data-element_type=\"widget\" data-widget_type=\"heading.default\">\n\t\t\t\t<div class=\"elementor-widget-container\">\n\t\t\t\t\t<h2 class=\"elementor-heading-title elementor-size-default\">Kein Labern, machen!<\/h2>\t\t\t\t<\/div>\n\t\t\t\t<\/div>\n\t\t\t\t<div class=\"elementor-element elementor-element-0b432d0 elementor-widget elementor-widget-text-editor\" data-id=\"0b432d0\" data-element_type=\"widget\" data-widget_type=\"text-editor.default\">\n\t\t\t\t<div class=\"elementor-widget-container\">\n\t\t\t\t\t\t\t\t\t<h2 class=\"elementor-heading-title elementor-size-default elementor-inline-editing pen\" data-elementor-setting-key=\"title\" data-pen-placeholder=\"Eingabe hier...\" style=\"font-family: 'Times New Roman', sans-serif; line-height: 1; color: #3c4858; margin: 0px; font-size: 37px; padding: 0px;\">Worauf warten? Lassen Sie uns anfangen!<br \/><br \/><a href=\"#\">Email<\/a><br \/><a href=\"#\">LinkedIn<\/a><br \/><a href=\"#\">Twitter<\/a><\/h2>\t\t\t\t\t\t\t\t<\/div>\n\t\t\t\t<\/div>\n\t\t\t\t\t<\/div>\n\t\t<\/div>\n\t\t\t\t\t<\/div>\n\t\t<\/section>\n\t\t\t\t<section class=\"elementor-section elementor-top-section elementor-element elementor-element-68ac840 elementor-section-height-min-height elementor-section-boxed elementor-section-height-default elementor-section-items-middle\" data-id=\"68ac840\" data-element_type=\"section\" data-settings=\"{&quot;background_background&quot;:&quot;classic&quot;}\">\n\t\t\t\t\t\t<div class=\"elementor-container elementor-column-gap-default\">\n\t\t\t\t\t<div class=\"elementor-column elementor-col-100 elementor-top-column elementor-element elementor-element-64c72c9\" data-id=\"64c72c9\" data-element_type=\"column\">\n\t\t\t<div class=\"elementor-widget-wrap\">\n\t\t\t\t\t\t\t<\/div>\n\t\t<\/div>\n\t\t\t\t\t<\/div>\n\t\t<\/section>\n\t\t\t\t<section class=\"elementor-section elementor-top-section elementor-element elementor-element-6b5de5d elementor-section-boxed elementor-section-height-default elementor-section-height-default\" data-id=\"6b5de5d\" data-element_type=\"section\">\n\t\t\t\t\t\t<div class=\"elementor-container elementor-column-gap-default\">\n\t\t\t\t\t<div class=\"elementor-column elementor-col-100 elementor-top-column elementor-element elementor-element-3785524\" data-id=\"3785524\" data-element_type=\"column\">\n\t\t\t<div class=\"elementor-widget-wrap elementor-element-populated\">\n\t\t\t\t\t\t<div class=\"elementor-element elementor-element-9d5b1d8 elementor-widget elementor-widget-text-editor\" data-id=\"9d5b1d8\" data-element_type=\"widget\" data-widget_type=\"text-editor.default\">\n\t\t\t\t<div class=\"elementor-widget-container\">\n\t\t\t\t\t\t\t\t\t<p><b><a href=\"#\">Imprint<\/a>\u00a0 \u00a0<a href=\"#\">Datenschutzerkl\u00e4rung<\/a><\/b><\/p>\t\t\t\t\t\t\t\t<\/div>\n\t\t\t\t<\/div>\n\t\t\t\t\t<\/div>\n\t\t<\/div>\n\t\t\t\t\t<\/div>\n\t\t<\/section>\n\t\t\t\t<\/div>","protected":false},"excerpt":{"rendered":"<p>Coaching Florian Mennigen Einfach nur simpel. Teamarbeit und pers\u00f6nliche Entwicklung ist eigentlich simpel: es gibt keine gro\u00dfen Geheimnisse. Nur halt schwer in der Umsetzung. Und da komme ich ins Spiel. Mehr&#8230; Welche Bed\u00fcrfnisse haben Mitarbeiter? Welche \u00dcberzeugungen haben Mitarbeiter? Welche Verhalten haben Mitarbeiter? Kein Labern, machen! Worauf warten? Lassen Sie [&hellip;]<\/p>","protected":false},"author":1,"featured_media":0,"parent":0,"menu_order":0,"comment_status":"closed","ping_status":"closed","template":"elementor_canvas","meta":{"footnotes":""},"yoast_head":"<!-- This site is optimized with the Yoast SEO plugin v21.5 - https:\/\/yoast.com\/wordpress\/plugins\/seo\/ -->\n<title>einfachsimpel | Florian Mennigen<\/title>\n<meta name=\"robots\" content=\"index, follow, max-snippet:-1, max-image-preview:large, max-video-preview:-1\" \/>\n<link rel=\"canonical\" href=\"https:\/\/florian-mennigen.de\/en\/einfachsimpel\/\" \/>\n<meta property=\"og:locale\" content=\"en_US\" \/>\n<meta property=\"og:type\" content=\"article\" \/>\n<meta property=\"og:title\" content=\"einfachsimpel | Florian Mennigen\" \/>\n<meta property=\"og:description\" content=\"Coaching Florian Mennigen Einfach nur simpel. Teamarbeit und pers\u00f6nliche Entwicklung ist eigentlich simpel: es gibt keine gro\u00dfen Geheimnisse. Nur halt schwer in der Umsetzung. Und da komme ich ins Spiel. Mehr&#8230; Welche Bed\u00fcrfnisse haben Mitarbeiter? Welche \u00dcberzeugungen haben Mitarbeiter? Welche Verhalten haben Mitarbeiter? Kein Labern, machen! Worauf warten? Lassen Sie [&hellip;]\" \/>\n<meta property=\"og:url\" content=\"https:\/\/florian-mennigen.de\/en\/einfachsimpel\/\" \/>\n<meta property=\"og:site_name\" content=\"Florian Mennigen\" \/>\n<meta property=\"article:modified_time\" content=\"2019-11-24T19:06:12+00:00\" \/>\n<meta property=\"og:image\" content=\"https:\/\/florian-mennigen.de\/wp-content\/uploads\/2018\/05\/inkwell_start-1024x683.jpg\" \/>\n\t<meta property=\"og:image:width\" content=\"1024\" \/>\n\t<meta property=\"og:image:height\" content=\"683\" \/>\n\t<meta property=\"og:image:type\" content=\"image\/jpeg\" \/>\n<meta name=\"twitter:card\" content=\"summary_large_image\" \/>\n<script type=\"application\/ld+json\" class=\"yoast-schema-graph\">{\"@context\":\"https:\/\/schema.org\",\"@graph\":[{\"@type\":\"WebPage\",\"@id\":\"https:\/\/florian-mennigen.de\/einfachsimpel\/\",\"url\":\"https:\/\/florian-mennigen.de\/einfachsimpel\/\",\"name\":\"einfachsimpel | Florian Mennigen\",\"isPartOf\":{\"@id\":\"https:\/\/florian-mennigen.de\/#website\"},\"datePublished\":\"2019-11-21T21:26:51+00:00\",\"dateModified\":\"2019-11-24T19:06:12+00:00\",\"breadcrumb\":{\"@id\":\"https:\/\/florian-mennigen.de\/einfachsimpel\/#breadcrumb\"},\"inLanguage\":\"en-US\",\"potentialAction\":[{\"@type\":\"ReadAction\",\"target\":[\"https:\/\/florian-mennigen.de\/einfachsimpel\/\"]}]},{\"@type\":\"BreadcrumbList\",\"@id\":\"https:\/\/florian-mennigen.de\/einfachsimpel\/#breadcrumb\",\"itemListElement\":[{\"@type\":\"ListItem\",\"position\":1,\"name\":\"Startseite\",\"item\":\"https:\/\/florian-mennigen.de\/\"},{\"@type\":\"ListItem\",\"position\":2,\"name\":\"einfachsimpel\"}]},{\"@type\":\"WebSite\",\"@id\":\"https:\/\/florian-mennigen.de\/#website\",\"url\":\"https:\/\/florian-mennigen.de\/\",\"name\":\"Florian Mennigen\",\"description\":\"Olympiasieger, Psychologe, Corporate Health Botschafter\",\"publisher\":{\"@id\":\"https:\/\/florian-mennigen.de\/#\/schema\/person\/3f9fd3ed9923bfb2824a4fb13fed531d\"},\"potentialAction\":[{\"@type\":\"SearchAction\",\"target\":{\"@type\":\"EntryPoint\",\"urlTemplate\":\"https:\/\/florian-mennigen.de\/?s={search_term_string}\"},\"query-input\":\"required name=search_term_string\"}],\"inLanguage\":\"en-US\"},{\"@type\":[\"Person\",\"Organization\"],\"@id\":\"https:\/\/florian-mennigen.de\/#\/schema\/person\/3f9fd3ed9923bfb2824a4fb13fed531d\",\"name\":\"Florian Mennigen\",\"image\":{\"@type\":\"ImageObject\",\"inLanguage\":\"en-US\",\"@id\":\"https:\/\/florian-mennigen.de\/#\/schema\/person\/image\/\",\"url\":\"https:\/\/florian-mennigen.de\/wp-content\/uploads\/2023\/10\/cropped-Florian-Mennigen.png\",\"contentUrl\":\"https:\/\/florian-mennigen.de\/wp-content\/uploads\/2023\/10\/cropped-Florian-Mennigen.png\",\"width\":1776,\"height\":504,\"caption\":\"Florian Mennigen\"},\"logo\":{\"@id\":\"https:\/\/florian-mennigen.de\/#\/schema\/person\/image\/\"},\"sameAs\":[\"https:\/\/www.linkedin.com\/in\/florian-mennigen-551b9b11\/\"]}]}<\/script>\n<!-- \/ Yoast SEO plugin. -->","yoast_head_json":{"title":"einfachsimpel | Florian Mennigen","robots":{"index":"index","follow":"follow","max-snippet":"max-snippet:-1","max-image-preview":"max-image-preview:large","max-video-preview":"max-video-preview:-1"},"canonical":"https:\/\/florian-mennigen.de\/en\/einfachsimpel\/","og_locale":"en_US","og_type":"article","og_title":"einfachsimpel | Florian Mennigen","og_description":"Coaching Florian Mennigen Einfach nur simpel. Teamarbeit und pers\u00f6nliche Entwicklung ist eigentlich simpel: es gibt keine gro\u00dfen Geheimnisse. Nur halt schwer in der Umsetzung. Und da komme ich ins Spiel. Mehr&#8230; Welche Bed\u00fcrfnisse haben Mitarbeiter? Welche \u00dcberzeugungen haben Mitarbeiter? Welche Verhalten haben Mitarbeiter? Kein Labern, machen! Worauf warten? Lassen Sie [&hellip;]","og_url":"https:\/\/florian-mennigen.de\/en\/einfachsimpel\/","og_site_name":"Florian Mennigen","article_modified_time":"2019-11-24T19:06:12+00:00","og_image":[{"width":1024,"height":683,"url":"https:\/\/florian-mennigen.de\/wp-content\/uploads\/2018\/05\/inkwell_start-1024x683.jpg","type":"image\/jpeg"}],"twitter_card":"summary_large_image","schema":{"@context":"https:\/\/schema.org","@graph":[{"@type":"WebPage","@id":"https:\/\/florian-mennigen.de\/einfachsimpel\/","url":"https:\/\/florian-mennigen.de\/einfachsimpel\/","name":"einfachsimpel | Florian Mennigen","isPartOf":{"@id":"https:\/\/florian-mennigen.de\/#website"},"datePublished":"2019-11-21T21:26:51+00:00","dateModified":"2019-11-24T19:06:12+00:00","breadcrumb":{"@id":"https:\/\/florian-mennigen.de\/einfachsimpel\/#breadcrumb"},"inLanguage":"en-US","potentialAction":[{"@type":"ReadAction","target":["https:\/\/florian-mennigen.de\/einfachsimpel\/"]}]},{"@type":"BreadcrumbList","@id":"https:\/\/florian-mennigen.de\/einfachsimpel\/#breadcrumb","itemListElement":[{"@type":"ListItem","position":1,"name":"Startseite","item":"https:\/\/florian-mennigen.de\/"},{"@type":"ListItem","position":2,"name":"einfachsimpel"}]},{"@type":"WebSite","@id":"https:\/\/florian-mennigen.de\/#website","url":"https:\/\/florian-mennigen.de\/","name":"Florian Mennigen","description":"Olympiasieger, Psychologe, Corporate Health Botschafter","publisher":{"@id":"https:\/\/florian-mennigen.de\/#\/schema\/person\/3f9fd3ed9923bfb2824a4fb13fed531d"},"potentialAction":[{"@type":"SearchAction","target":{"@type":"EntryPoint","urlTemplate":"https:\/\/florian-mennigen.de\/?s={search_term_string}"},"query-input":"required name=search_term_string"}],"inLanguage":"en-US"},{"@type":["Person","Organization"],"@id":"https:\/\/florian-mennigen.de\/#\/schema\/person\/3f9fd3ed9923bfb2824a4fb13fed531d","name":"Florian Mennigen","image":{"@type":"ImageObject","inLanguage":"en-US","@id":"https:\/\/florian-mennigen.de\/#\/schema\/person\/image\/","url":"https:\/\/florian-mennigen.de\/wp-content\/uploads\/2023\/10\/cropped-Florian-Mennigen.png","contentUrl":"https:\/\/florian-mennigen.de\/wp-content\/uploads\/2023\/10\/cropped-Florian-Mennigen.png","width":1776,"height":504,"caption":"Florian Mennigen"},"logo":{"@id":"https:\/\/florian-mennigen.de\/#\/schema\/person\/image\/"},"sameAs":["https:\/\/www.linkedin.com\/in\/florian-mennigen-551b9b11\/"]}]}},"_links":{"self":[{"href":"https:\/\/florian-mennigen.de\/en\/wp-json\/wp\/v2\/pages\/584"}],"collection":[{"href":"https:\/\/florian-mennigen.de\/en\/wp-json\/wp\/v2\/pages"}],"about":[{"href":"https:\/\/florian-mennigen.de\/en\/wp-json\/wp\/v2\/types\/page"}],"author":[{"embeddable":true,"href":"https:\/\/florian-mennigen.de\/en\/wp-json\/wp\/v2\/users\/1"}],"replies":[{"embeddable":true,"href":"https:\/\/florian-mennigen.de\/en\/wp-json\/wp\/v2\/comments?post=584"}],"version-history":[{"count":20,"href":"https:\/\/florian-mennigen.de\/en\/wp-json\/wp\/v2\/pages\/584\/revisions"}],"predecessor-version":[{"id":607,"href":"https:\/\/florian-mennigen.de\/en\/wp-json\/wp\/v2\/pages\/584\/revisions\/607"}],"wp:attachment":[{"href":"https:\/\/florian-mennigen.de\/en\/wp-json\/wp\/v2\/media?parent=584"}],"curies":[{"name":"wp","href":"https:\/\/api.w.org\/{rel}","templated":true}]}}